{"id":3,"date":"2023-03-25T20:41:49","date_gmt":"2023-03-25T20:41:49","guid":{"rendered":"https:\/\/www.opaldivers.com\/?page_id=3"},"modified":"2023-12-07T19:13:45","modified_gmt":"2023-12-07T18:13:45","slug":"privacy-policy","status":"publish","type":"page","link":"https:\/\/www.opaldivers.com\/sk\/privacy-policy\/","title":{"rendered":"Ochrana s\u00fakromia"},"content":{"rendered":"<section class=\"l-section wpb_row us_custom_ec15bdad has_text_color height_medium\"><div class=\"l-section-h i-cf\"><div class=\"g-cols vc_row via_grid cols_1 laptops-cols_inherit tablets-cols_inherit mobiles-cols_1 valign_top type_default stacking_default\"><div class=\"wpb_column vc_column_container\"><div class=\"vc_column-inner\"><div class=\"wpb_text_column\"><div class=\"wpb_wrapper\"><h1>Ochrana s\u00fakromia<\/h1>\n<\/div><\/div><div class=\"w-separator size_small\"><\/div><div class=\"wpb_text_column\"><div class=\"wpb_wrapper\"><p>Tieto Z\u00e1sady ochrany osobn\u00fdch \u00fadajov sme vypracovali, aby sme v\u00e1m poskytli inform\u00e1cie o tom, ako spracov\u00e1vame va\u0161e osobn\u00e9 \u00fadaje. Osobn\u00e9 \u00fadaje\u201c s\u00fa inform\u00e1cie t\u00fdkaj\u00face sa fyzickej osoby, ktorej toto\u017enos\u0165 je zn\u00e1ma alebo sa d\u00e1 zisti\u0165. Va\u0161e s\u00fakromie je pre n\u00e1s ve\u013emi d\u00f4le\u017eit\u00e9 a z\u00e1rove\u0148 V\u00e1s ubezpe\u010dujeme, \u017ee Va\u0161e osobn\u00e9 \u00fadaje spracov\u00e1vame v s\u00falade s platnou legislat\u00edvou.<\/p>\n<p>Spr\u00e1vcom va\u0161ich osobn\u00fdch \u00fadajov je spolo\u010dnos\u0165 Opal Divers, ktor\u00e1 prev\u00e1dzkuje webov\u00fa str\u00e1nku spolo\u010dnosti www.opaldivers.com. Prev\u00e1dzkovate\u013e sprac\u00fava Va\u0161e osobn\u00e9 \u00fadaje a ur\u010duje, ako dlho bud\u00fa osobn\u00e9 \u00fadaje sprac\u00favan\u00e9 a za ak\u00fdm \u00fa\u010delom. Ur\u010duje tie\u017e spracovate\u013eov, ktor\u00fdch m\u00f4\u017ee pou\u017ei\u0165 na spracovanie osobn\u00fdch \u00fadajov.<\/p>\n<p><strong>Ak\u00e9 osobn\u00e9 \u00fadaje sprac\u00favame a pre\u010do<\/strong><\/p>\n<p>Va\u0161e osobn\u00e9 \u00fadaje sprac\u00favame najm\u00e4 za \u00fa\u010delom akt\u00edvnej komunik\u00e1cie s vami a z\u00e1rove\u0148 poskytovania \u010do najkvalitnej\u0161ieho obsahu.<\/p>\n<p><strong>Archiv\u00e1cia osobn\u00fdch \u00fadajov<\/strong><\/p>\n<p>Va\u0161e osobn\u00e9 \u00fadaje budeme archivova\u0165 po dobu, po ktor\u00fa n\u00e1m udel\u00edme s\u00fahlas, po dobu, k\u00fdm budeme ma\u0165 opr\u00e1vnen\u00fd z\u00e1ujem na ich uchov\u00e1van\u00ed, alebo po dobu, pokia\u013e n\u00e1m tak\u00fato povinnos\u0165 uklad\u00e1 \u00fa\u010dinn\u00e1 legislat\u00edva. Po uplynut\u00ed stanovenej doby uchov\u00e1vania osobn\u00fdch \u00fadajov bud\u00fa va\u0161e osobn\u00e9 \u00fadaje zlikvidovan\u00e9. Ni\u017e\u0161ie v \u010dasti \u201eVa\u0161e pr\u00e1va\u201c je pop\u00edsan\u00e9 va\u0161e pr\u00e1vo na vymazanie.<\/p>\n<p><strong>Spr\u00edstupnenie osobn\u00fdch \u00fadajov tret\u00edm stran\u00e1m<\/strong><\/p>\n<p>Kontaktn\u00fd formul\u00e1r sprac\u00fava osobn\u00e9 \u00fadaje v rozsahu meno, priezvisko, telef\u00f3nne \u010d\u00edslo, e-mailov\u00e1 adresa a medi\u00e1lne pr\u00edlohy.<\/p>\n<p><strong>Prenos osobn\u00fdch \u00fadajov mimo Eur\u00f3pskej \u00fanie<\/strong><\/p>\n<p>Va\u0161e osobn\u00e9 \u00fadaje s\u00fa sprac\u00favan\u00e9 v\u00fdlu\u010dne v Eur\u00f3pskej \u00fanii alebo v \u010dlensk\u00fdch \u0161t\u00e1toch, ktor\u00e9 zabezpe\u010duj\u00fa ochranu osobn\u00fdch \u00fadajov na z\u00e1klade rozhodnutia Eur\u00f3pskej komisie.<\/p>\n<p><strong>Bezpe\u010dnos\u0165 a s\u00fakromie<\/strong><\/p>\n<p>Prijali sme technick\u00e9 opatrenia na zaistenie bezpe\u010dnosti osobn\u00fdch \u00fadajov \u0161ifrovan\u00edm prenosu \u00fadajov pomocou protokolu HTTPS (zelen\u00fd z\u00e1mok, ktor\u00fd je ved\u013ea na\u0161ej URL) a zabezpe\u010dili sme va\u0161e osobn\u00e9 \u00fadaje v s\u00falade s \u010dl. 32 Nariadenie GDPR.<\/p>\n<p><strong>Va\u0161e pr\u00e1va<\/strong><\/p>\n<p>Na z\u00e1klade GDPR m\u00e1te pr\u00e1vo po\u017eiada\u0165 o pr\u00edstup k svojim osobn\u00fdm \u00fadajom zo str\u00e1nky www.opaldivers.com a \u010falej uplat\u0148ova\u0165 svoje nasleduj\u00face pr\u00e1va:<\/p>\n<ul>\n<li>Zistite, \u010di s\u00fa na www.opaldivers.com osobn\u00e9 \u00fadaje sprac\u00favan\u00e9, a ak \u00e1no, ak\u00e9 s\u00fa osobn\u00e9 \u00fadaje a d\u00f4vod ich sprac\u00favania<\/li>\n<li>Pr\u00e1vo na opravu osobn\u00fdch \u00fadajov \u2013 t\u00fdmto sp\u00f4sobom m\u00e1te mo\u017enos\u0165 opravi\u0165 ak\u00e9ko\u013evek ne\u00fapln\u00e9 alebo nepresn\u00e9 inform\u00e1cie, ktor\u00e9 o v\u00e1s uchov\u00e1vame<\/li>\n<li>Pr\u00e1vo na vymazanie osobn\u00fdch \u00fadajov \u2013 umo\u017e\u0148uje n\u00e1m po\u017eiada\u0165 o vymazanie osobn\u00fdch \u00fadajov, ak neexistuje d\u00f4vod, aby sme ich na\u010falej sprac\u00favali<\/li>\n<li>Pr\u00e1vo na prenosnos\u0165 \u00fadajov \u2013 m\u00e1te mo\u017enos\u0165 prenies\u0165 svoje osobn\u00e9 \u00fadaje v elektronickej a \u0161trukt\u00farovanej podobe z www.opaldivers.com in\u00e9mu subjektu<\/li>\n<li>Pr\u00e1vo na obmedzenie sprac\u00favania Va\u0161ich osobn\u00fdch \u00fadajov \u2013 m\u00f4\u017eete n\u00e1s po\u017eiada\u0165, aby sme na ur\u010dit\u00fa dobu preru\u0161ili sprac\u00favanie Va\u0161ich osobn\u00fdch \u00fadajov, napr\u00edklad ak chcete, aby sme preuk\u00e1zali ich spr\u00e1vnos\u0165 alebo d\u00f4vod ich sprac\u00favania<\/li>\n<li>Pr\u00e1vo namieta\u0165 sprac\u00favanie Va\u0161ich osobn\u00fdch \u00fadajov \u2013 m\u00e1te pr\u00e1vo namieta\u0165 sprac\u00favanie osobn\u00fdch \u00fadajov z d\u00f4vodu, \u017ee sprac\u00favanie je nevyhnutn\u00e9 na \u00fa\u010del opr\u00e1vnen\u00fdch z\u00e1ujmov prev\u00e1dzkovate\u013ea alebo tretej strany, ak s\u00fa tieto z\u00e1ujmy preva\u017euj\u00fa nad z\u00e1ujmami alebo pr\u00e1vami dotknutej osoby vy\u017eaduj\u00face ochranu osobn\u00fdch \u00fadajov, najm\u00e4 ak je dotknutou osobou die\u0165a. \u010ealej m\u00f4\u017eete tie\u017e namieta\u0165, ak sa osobn\u00e9 \u00fadaje sprac\u00favaj\u00fa na \u00fa\u010del priameho marketingu, vr\u00e1tane namietania proti tomu, \u017ee sa na v\u00e1s vz\u0165ahuje rozhodnutie, ktor\u00e9 je zalo\u017een\u00e9 v\u00fdlu\u010dne na automatizovanom sprac\u00favan\u00ed osobn\u00fdch \u00fadajov vr\u00e1tane profilovania<\/li>\n<li>Pr\u00e1vo odvola\u0165 s\u00fahlas \u2013 ak sprac\u00favame va\u0161e osobn\u00e9 \u00fadaje na z\u00e1klade v\u00e1\u0161ho s\u00fahlasu, m\u00e1te pr\u00e1vo tento s\u00fahlas kedyko\u013evek odvola\u0165<\/li>\n<li>Pr\u00e1vo poda\u0165 s\u0165a\u017enos\u0165 dozorn\u00e9mu org\u00e1nu \u2013 dozorn\u00fdm org\u00e1nom v oblasti ochrany osobn\u00fdch \u00fadajov je \u00darad na ochranu osobn\u00fdch \u00fadajov, na ktor\u00fd sa m\u00f4\u017eete obr\u00e1ti\u0165, ak sa domnievate, \u017ee Va\u0161e osobn\u00e9 \u00fadaje nie s\u00fa sprac\u00favan\u00e9 v s\u00falade s platnou legislat\u00edvou.<\/li>\n<\/ul>\n<p><strong>Ako n\u00e1s kontaktova\u0165<\/strong><\/p>\n<p>Ak m\u00e1te po\u017eiadavku na ochranu s\u00fakromia, kontaktujte n\u00e1s prostredn\u00edctvom e-mailovej adresy:\u00a0<a href=\"mailto:info@opaldivers.com\">info@opaldivers.com<\/a>.<\/p>\n<\/div><\/div><\/div><\/div><\/div><\/div><\/section>","protected":false},"excerpt":{"rendered":"Privacy Policy We have developed this Privacy Policy to provide you with information about how we process your personal data. Personal data\u2019 means information relating to a natural person whose identity is known or can be established. Your privacy is very important to us and we also assure you that we process your personal data...","protected":false},"author":1,"featured_media":0,"parent":0,"menu_order":0,"comment_status":"closed","ping_status":"closed","template":"","meta":{"inline_featured_image":false,"footnotes":""},"class_list":["post-3","page","type-page","status-publish","hentry"],"yoast_head":"<!-- This site is optimized with the Yoast SEO plugin v26.6 - https:\/\/yoast.com\/wordpress\/plugins\/seo\/ -->\n<title>Privacy Policy - OpalDivers<\/title>\n<meta name=\"robots\" content=\"index, follow, max-snippet:-1, max-image-preview:large, max-video-preview:-1\" \/>\n<link rel=\"canonical\" href=\"https:\/\/www.opaldivers.com\/sk\/privacy-policy\/\" \/>\n<meta property=\"og:locale\" content=\"sk_SK\" \/>\n<meta property=\"og:type\" content=\"article\" \/>\n<meta property=\"og:title\" content=\"Privacy Policy - OpalDivers\" \/>\n<meta property=\"og:url\" content=\"https:\/\/www.opaldivers.com\/sk\/privacy-policy\/\" \/>\n<meta property=\"og:site_name\" content=\"OpalDivers\" \/>\n<meta property=\"article:modified_time\" content=\"2023-12-07T18:13:45+00:00\" \/>\n<meta property=\"og:image\" content=\"https:\/\/www.opaldivers.com\/wp-content\/uploads\/2023\/12\/opaldivers_thmb.jpg\" \/>\n\t<meta property=\"og:image:width\" content=\"1200\" \/>\n\t<meta property=\"og:image:height\" content=\"675\" \/>\n\t<meta property=\"og:image:type\" content=\"image\/jpeg\" \/>\n<meta name=\"twitter:card\" content=\"summary_large_image\" \/>\n<meta name=\"twitter:label1\" content=\"Predpokladan\u00fd \u010das \u010d\u00edtania\" \/>\n\t<meta name=\"twitter:data1\" content=\"4 min\u00faty\" \/>\n<script type=\"application\/ld+json\" class=\"yoast-schema-graph\">{\"@context\":\"https:\/\/schema.org\",\"@graph\":[{\"@type\":\"WebPage\",\"@id\":\"https:\/\/www.opaldivers.com\/privacy-policy\/\",\"url\":\"https:\/\/www.opaldivers.com\/privacy-policy\/\",\"name\":\"Privacy Policy - OpalDivers\",\"isPartOf\":{\"@id\":\"https:\/\/www.opaldivers.com\/#website\"},\"datePublished\":\"2023-03-25T20:41:49+00:00\",\"dateModified\":\"2023-12-07T18:13:45+00:00\",\"breadcrumb\":{\"@id\":\"https:\/\/www.opaldivers.com\/privacy-policy\/#breadcrumb\"},\"inLanguage\":\"sk-SK\",\"potentialAction\":[{\"@type\":\"ReadAction\",\"target\":[\"https:\/\/www.opaldivers.com\/privacy-policy\/\"]}]},{\"@type\":\"BreadcrumbList\",\"@id\":\"https:\/\/www.opaldivers.com\/privacy-policy\/#breadcrumb\",\"itemListElement\":[{\"@type\":\"ListItem\",\"position\":1,\"name\":\"Home\",\"item\":\"https:\/\/www.opaldivers.com\/\"},{\"@type\":\"ListItem\",\"position\":2,\"name\":\"Privacy Policy\"}]},{\"@type\":\"WebSite\",\"@id\":\"https:\/\/www.opaldivers.com\/#website\",\"url\":\"https:\/\/www.opaldivers.com\/\",\"name\":\"Opal Divers\",\"description\":\"Diving tours in a flooded opal mine in Slovakia\",\"potentialAction\":[{\"@type\":\"SearchAction\",\"target\":{\"@type\":\"EntryPoint\",\"urlTemplate\":\"https:\/\/www.opaldivers.com\/?s={search_term_string}\"},\"query-input\":{\"@type\":\"PropertyValueSpecification\",\"valueRequired\":true,\"valueName\":\"search_term_string\"}}],\"inLanguage\":\"sk-SK\"}]}<\/script>\n<!-- \/ Yoast SEO plugin. -->","yoast_head_json":{"title":"Privacy Policy - OpalDivers","robots":{"index":"index","follow":"follow","max-snippet":"max-snippet:-1","max-image-preview":"max-image-preview:large","max-video-preview":"max-video-preview:-1"},"canonical":"https:\/\/www.opaldivers.com\/sk\/privacy-policy\/","og_locale":"sk_SK","og_type":"article","og_title":"Privacy Policy - OpalDivers","og_url":"https:\/\/www.opaldivers.com\/sk\/privacy-policy\/","og_site_name":"OpalDivers","article_modified_time":"2023-12-07T18:13:45+00:00","og_image":[{"width":1200,"height":675,"url":"https:\/\/www.opaldivers.com\/wp-content\/uploads\/2023\/12\/opaldivers_thmb.jpg","type":"image\/jpeg"}],"twitter_card":"summary_large_image","twitter_misc":{"Predpokladan\u00fd \u010das \u010d\u00edtania":"4 min\u00faty"},"schema":{"@context":"https:\/\/schema.org","@graph":[{"@type":"WebPage","@id":"https:\/\/www.opaldivers.com\/privacy-policy\/","url":"https:\/\/www.opaldivers.com\/privacy-policy\/","name":"Privacy Policy - OpalDivers","isPartOf":{"@id":"https:\/\/www.opaldivers.com\/#website"},"datePublished":"2023-03-25T20:41:49+00:00","dateModified":"2023-12-07T18:13:45+00:00","breadcrumb":{"@id":"https:\/\/www.opaldivers.com\/privacy-policy\/#breadcrumb"},"inLanguage":"sk-SK","potentialAction":[{"@type":"ReadAction","target":["https:\/\/www.opaldivers.com\/privacy-policy\/"]}]},{"@type":"BreadcrumbList","@id":"https:\/\/www.opaldivers.com\/privacy-policy\/#breadcrumb","itemListElement":[{"@type":"ListItem","position":1,"name":"Home","item":"https:\/\/www.opaldivers.com\/"},{"@type":"ListItem","position":2,"name":"Privacy Policy"}]},{"@type":"WebSite","@id":"https:\/\/www.opaldivers.com\/#website","url":"https:\/\/www.opaldivers.com\/","name":"Opal Divers","description":"Diving tours in a flooded opal mine in Slovakia","potentialAction":[{"@type":"SearchAction","target":{"@type":"EntryPoint","urlTemplate":"https:\/\/www.opaldivers.com\/?s={search_term_string}"},"query-input":{"@type":"PropertyValueSpecification","valueRequired":true,"valueName":"search_term_string"}}],"inLanguage":"sk-SK"}]}},"_links":{"self":[{"href":"https:\/\/www.opaldivers.com\/sk\/wp-json\/wp\/v2\/pages\/3","targetHints":{"allow":["GET"]}}],"collection":[{"href":"https:\/\/www.opaldivers.com\/sk\/wp-json\/wp\/v2\/pages"}],"about":[{"href":"https:\/\/www.opaldivers.com\/sk\/wp-json\/wp\/v2\/types\/page"}],"author":[{"embeddable":true,"href":"https:\/\/www.opaldivers.com\/sk\/wp-json\/wp\/v2\/users\/1"}],"replies":[{"embeddable":true,"href":"https:\/\/www.opaldivers.com\/sk\/wp-json\/wp\/v2\/comments?post=3"}],"version-history":[{"count":5,"href":"https:\/\/www.opaldivers.com\/sk\/wp-json\/wp\/v2\/pages\/3\/revisions"}],"predecessor-version":[{"id":518,"href":"https:\/\/www.opaldivers.com\/sk\/wp-json\/wp\/v2\/pages\/3\/revisions\/518"}],"wp:attachment":[{"href":"https:\/\/www.opaldivers.com\/sk\/wp-json\/wp\/v2\/media?parent=3"}],"curies":[{"name":"wp","href":"https:\/\/api.w.org\/{rel}","templated":true}]}}